{"id":11,"date":"2017-10-18T19:16:12","date_gmt":"2017-10-18T17:16:12","guid":{"rendered":"https:\/\/www.akrosakova.cz\/?page_id=11"},"modified":"2019-05-01T20:42:40","modified_gmt":"2019-05-01T18:42:40","slug":"specializace","status":"publish","type":"page","link":"https:\/\/www.akrosakova.cz\/index.php\/specializace\/","title":{"rendered":"Specializace"},"content":{"rendered":"<p>Sv\u00fdm klient\u016fm poskytuji komplexn\u00ed pr\u00e1vn\u00ed servis a osobn\u00ed p\u0159\u00edstup ke specifik\u016fm jejich probl\u00e9m\u016f, a to ve v\u0161ech oblastech pr\u00e1va, zejm\u00e9na:<\/p>\n<h4>Procesn\u00ed pr\u00e1vo (soudn\u00ed \u0159\u00edzen\u00ed, spory atp.)<\/h4>\n<ul>\n<li>zastupov\u00e1n\u00ed p\u0159ed civiln\u00edmi i spr\u00e1vn\u00edmi soudy (od pod\u00e1n\u00ed \u017ealoby a\u017e po opravn\u00e9 prost\u0159edky)<\/li>\n<li>zastupov\u00e1n\u00ed ve spr\u00e1vn\u00edm \u0159\u00edzen\u00ed (pro cel\u00e9 \u0159\u00edzen\u00ed i jednotliv\u00e9 \u00fakony)<\/li>\n<li>zastupov\u00e1n\u00ed v trestn\u00edm \u0159\u00edzen\u00ed (v p\u0159\u00edpravn\u00e9m \u0159\u00edzen\u00ed i \u0159\u00edzen\u00ed p\u0159ed soudy)<\/li>\n<\/ul>\n<hr align=\"center\" width=\"50\" \/>\n<p>Nab\u00edz\u00edm d\u00e1le pr\u00e1vn\u00ed pomoc v t\u011bchto oblastech:<\/p>\n<h4>Ob\u010dansk\u00e9 pr\u00e1vo<\/h4>\n<ul>\n<li>n\u00e1hrada \u0161kody (nap\u0159. uplatn\u011bn\u00ed n\u00e1rok\u016f v\u016f\u010di poji\u0161\u0165ovn\u00e1m,&#8230;)<\/li>\n<li>n\u00e1hrada \u0161kody proti st\u00e1tu (nap\u0159. nez\u00e1konn\u00e9 trestn\u00ed st\u00edh\u00e1n\u00ed, pr\u016ftahy v \u0159\u00edzen\u00ed,&#8230;)<\/li>\n<li>p\u0159evody nemovitost\u00ed<\/li>\n<li>p\u0159\u00edprava a revize smluv<\/li>\n<li>sousedsk\u00e9 spory<\/li>\n<li>vym\u00e1h\u00e1n\u00ed pohled\u00e1vek<\/li>\n<\/ul>\n<h4>Obchodn\u00ed pr\u00e1vo<\/h4>\n<ul>\n<li>obchodn\u011bpr\u00e1vn\u00ed spory<\/li>\n<li>pr\u00e1vo obchodn\u00edch spole\u010dnost\u00ed (zakl\u00e1d\u00e1n\u00ed, zm\u011bny, ru\u0161en\u00ed, likvidace,&#8230;)<\/li>\n<li>p\u0159\u00edprava a revize smluv<\/li>\n<li>sm\u011bne\u010dn\u00e9 \u0159\u00edzen\u00ed<\/li>\n<\/ul>\n<h4>Pracovn\u00ed pr\u00e1vo<\/h4>\n<ul>\n<li>dlu\u017en\u00e1 mzda<\/li>\n<li>neplatnost v\u00fdpov\u011bdi<\/li>\n<li>komplexn\u00ed pr\u00e1vn\u00ed servis pro zam\u011bstnavatele i zam\u011bstnance<\/li>\n<\/ul>\n<h4>Rodinn\u00e9 pr\u00e1vo<\/h4>\n<ul>\n<li>rozvody<\/li>\n<li>majetkov\u00e9 vypo\u0159\u00e1d\u00e1n\u00ed man\u017eel\u016f<\/li>\n<li>v\u00fd\u017eivn\u00e9<\/li>\n<li>sv\u011b\u0159en\u00ed d\u00edt\u011bte do p\u00e9\u010de<\/li>\n<\/ul>\n<h4>Spr\u00e1vn\u00ed pr\u00e1vo<\/h4>\n<ul>\n<li>komplexn\u00ed\u00a0pr\u00e1vn\u00ed servis pro obce<\/li>\n<li>p\u0159estupky, jin\u00e9 spr\u00e1vn\u00ed delikty<\/li>\n<li>\u0159\u00edzen\u00ed o \u017e\u00e1dosti a z moci \u00fa\u0159edn\u00ed<\/li>\n<\/ul>\n<h4>Trestn\u00ed pr\u00e1vo<\/h4>\n<ul>\n<li>obhajoba ex offo<\/li>\n<li>obhajoba na z\u00e1klad\u011b pln\u00e9 moci<\/li>\n<li>pomoc ob\u011btem trestn\u00e9 \u010dinnosti<\/li>\n<li>zastupov\u00e1n\u00ed po\u0161kozen\u00e9ho<\/li>\n<li>zastupov\u00e1n\u00ed t\u0159et\u00ed strany<\/li>\n<\/ul>\n","protected":false},"excerpt":{"rendered":"<p>Sv\u00fdm klient\u016fm poskytuji komplexn\u00ed pr\u00e1vn\u00ed servis a osobn\u00ed p\u0159\u00edstup ke specifik\u016fm jejich probl\u00e9m\u016f, a to ve v\u0161ech oblastech pr\u00e1va, zejm\u00e9na: Procesn\u00ed pr\u00e1vo (soudn\u00ed \u0159\u00edzen\u00ed, spory atp.) zastupov\u00e1n\u00ed p\u0159ed civiln\u00edmi i spr\u00e1vn\u00edmi soudy (od pod\u00e1n\u00ed \u017ealoby a\u017e po opravn\u00e9 prost\u0159edky) zastupov\u00e1n\u00ed ve spr\u00e1vn\u00edm \u0159\u00edzen\u00ed (pro cel\u00e9 \u0159\u00edzen\u00ed i jednotliv\u00e9 \u00fakony) zastupov\u00e1n\u00ed v trestn\u00edm \u0159\u00edzen\u00ed (v p\u0159\u00edpravn\u00e9m [&hellip;]<\/p>\n","protected":false},"author":1,"featured_media":0,"parent":0,"menu_order":0,"comment_status":"closed","ping_status":"closed","template":"","meta":{"_exactmetrics_skip_tracking":false,"_exactmetrics_sitenote_active":false,"_exactmetrics_sitenote_note":"","_exactmetrics_sitenote_category":0,"footnotes":""},"class_list":["post-11","page","type-page","status-publish","hentry"],"_links":{"self":[{"href":"https:\/\/www.akrosakova.cz\/index.php\/wp-json\/wp\/v2\/pages\/11"}],"collection":[{"href":"https:\/\/www.akrosakova.cz\/index.php\/wp-json\/wp\/v2\/pages"}],"about":[{"href":"https:\/\/www.akrosakova.cz\/index.php\/wp-json\/wp\/v2\/types\/page"}],"author":[{"embeddable":true,"href":"https:\/\/www.akrosakova.cz\/index.php\/wp-json\/wp\/v2\/users\/1"}],"replies":[{"embeddable":true,"href":"https:\/\/www.akrosakova.cz\/index.php\/wp-json\/wp\/v2\/comments?post=11"}],"version-history":[{"count":35,"href":"https:\/\/www.akrosakova.cz\/index.php\/wp-json\/wp\/v2\/pages\/11\/revisions"}],"predecessor-version":[{"id":504,"href":"https:\/\/www.akrosakova.cz\/index.php\/wp-json\/wp\/v2\/pages\/11\/revisions\/504"}],"wp:attachment":[{"href":"https:\/\/www.akrosakova.cz\/index.php\/wp-json\/wp\/v2\/media?parent=11"}],"curies":[{"name":"wp","href":"https:\/\/api.w.org\/{rel}","templated":true}]}}