{"id":25,"date":"2017-10-18T20:22:33","date_gmt":"2017-10-18T18:22:33","guid":{"rendered":"https:\/\/www.akrosakova.cz\/?page_id=25"},"modified":"2024-11-03T09:47:10","modified_gmt":"2024-11-03T08:47:10","slug":"kontakt","status":"publish","type":"page","link":"https:\/\/www.akrosakova.cz\/index.php\/kontakt\/","title":{"rendered":"Kontakt"},"content":{"rendered":"<h1><strong>Mgr. Jitka Ros\u00e1kov\u00e1, advok\u00e1tka<\/strong><\/h1>\n<p><strong>email:<\/strong><a href=\"mailto:jitka@akrosakova.cz\"> jitka@akrosakova.cz<img loading=\"lazy\" decoding=\"async\" class=\" wp-image-500 alignright\" src=\"https:\/\/www.akrosakova.cz\/wp-content\/uploads\/2017\/10\/Jitka-2-200x300.jpg\" alt=\"\" width=\"181\" height=\"272\" srcset=\"https:\/\/www.akrosakova.cz\/wp-content\/uploads\/2017\/10\/Jitka-2-200x300.jpg 200w, https:\/\/www.akrosakova.cz\/wp-content\/uploads\/2017\/10\/Jitka-2-768x1152.jpg 768w, https:\/\/www.akrosakova.cz\/wp-content\/uploads\/2017\/10\/Jitka-2-683x1024.jpg 683w\" sizes=\"(max-width: 181px) 100vw, 181px\" \/><\/a><br \/>\n<strong>telefon:<\/strong> +420 777 684 490<br \/>\n<strong>s\u00eddlo:<\/strong> V\u0161ehrdova 487, 686 01 Uhersk\u00e9 Hradi\u0161t\u011b (nad \u010cSOB Poji\u0161\u0165ovnou, 2. patro s v\u00fdtahem &#8211; tla\u010d\u00edtko \u010d. 3)<\/p>\n<p>Doporu\u010duji si sjednat sch\u016fzku p\u0159edem, nebo\u0165 mohu b\u00fdt zrovna na soud\u011b \u010di u klienta.<\/p>\n<p><strong>ID datov\u00e9 schr\u00e1nky:<\/strong> pe9uka7<br \/>\n<strong>I\u010cO<\/strong> 076 79 360<\/p>\n<p>Jak se ke mn\u011b dostanete?<\/p>\n<p><iframe loading=\"lazy\" style=\"border: 0;\" src=\"https:\/\/www.google.com\/maps\/embed?pb=!1m18!1m12!1m3!1d2613.9781725075914!2d17.462647815696243!3d49.06804957930855!2m3!1f0!2f0!3f0!3m2!1i1024!2i768!4f13.1!3m3!1m2!1s0x471314387133395f%3A0x9b7cbe147b45ef7!2zVsWhZWhyZG92YSA0ODcsIDY4NiAwMSBVaGVyc2vDqSBIcmFkacWhdMSb!5e0!3m2!1scs!2scz!4v1510251851027\" width=\"600\" height=\"450\" frameborder=\"0\" allowfullscreen=\"allowfullscreen\"><\/iframe><\/p>\n","protected":false},"excerpt":{"rendered":"<p>Mgr. Jitka Ros\u00e1kov\u00e1, advok\u00e1tka email: jitka@akrosakova.cz telefon: +420 777 684 490 s\u00eddlo: V\u0161ehrdova 487, 686 01 Uhersk\u00e9 Hradi\u0161t\u011b (nad \u010cSOB Poji\u0161\u0165ovnou, 2. patro s v\u00fdtahem &#8211; tla\u010d\u00edtko \u010d. 3) Doporu\u010duji si sjednat sch\u016fzku p\u0159edem, nebo\u0165 mohu b\u00fdt zrovna na soud\u011b \u010di u klienta. ID datov\u00e9 schr\u00e1nky: pe9uka7 I\u010cO 076 79 360 Jak se ke mn\u011b [&hellip;]<\/p>\n","protected":false},"author":1,"featured_media":0,"parent":0,"menu_order":0,"comment_status":"closed","ping_status":"closed","template":"","meta":{"_exactmetrics_skip_tracking":false,"_exactmetrics_sitenote_active":false,"_exactmetrics_sitenote_note":"","_exactmetrics_sitenote_category":0,"footnotes":""},"class_list":["post-25","page","type-page","status-publish","hentry"],"_links":{"self":[{"href":"https:\/\/www.akrosakova.cz\/index.php\/wp-json\/wp\/v2\/pages\/25"}],"collection":[{"href":"https:\/\/www.akrosakova.cz\/index.php\/wp-json\/wp\/v2\/pages"}],"about":[{"href":"https:\/\/www.akrosakova.cz\/index.php\/wp-json\/wp\/v2\/types\/page"}],"author":[{"embeddable":true,"href":"https:\/\/www.akrosakova.cz\/index.php\/wp-json\/wp\/v2\/users\/1"}],"replies":[{"embeddable":true,"href":"https:\/\/www.akrosakova.cz\/index.php\/wp-json\/wp\/v2\/comments?post=25"}],"version-history":[{"count":38,"href":"https:\/\/www.akrosakova.cz\/index.php\/wp-json\/wp\/v2\/pages\/25\/revisions"}],"predecessor-version":[{"id":508,"href":"https:\/\/www.akrosakova.cz\/index.php\/wp-json\/wp\/v2\/pages\/25\/revisions\/508"}],"wp:attachment":[{"href":"https:\/\/www.akrosakova.cz\/index.php\/wp-json\/wp\/v2\/media?parent=25"}],"curies":[{"name":"wp","href":"https:\/\/api.w.org\/{rel}","templated":true}]}}